{"id":8034,"date":"2024-07-08T17:42:18","date_gmt":"2024-07-08T15:42:18","guid":{"rendered":"https:\/\/www.socoger.com\/%e6%a1%88%e4%be%8b%e5%88%86%e6%9e%90\/"},"modified":"2024-08-08T16:02:34","modified_gmt":"2024-08-08T14:02:34","slug":"etudes-de-cas","status":"publish","type":"page","link":"http:\/\/socoger.com\/fr\/etudes-de-cas\/","title":{"rendered":"\u00c9tudes De Cas"},"content":{"rendered":"\t\t<div data-elementor-type=\"wp-page\" data-elementor-id=\"8034\" class=\"elementor elementor-8034 elementor-7964\">\n\t\t\t\t\t\t<section class=\"elementor-section elementor-top-section elementor-element elementor-element-67cf7c07 elementor-section-boxed elementor-section-height-default elementor-section-height-default\" data-id=\"67cf7c07\" data-element_type=\"section\">\n\t\t\t\t\t\t<div class=\"elementor-container elementor-column-gap-default\">\n\t\t\t\t\t<div class=\"elementor-column elementor-col-100 elementor-top-column elementor-element elementor-element-677258f7\" data-id=\"677258f7\" data-element_type=\"column\">\n\t\t\t<div class=\"elementor-widget-wrap elementor-element-populated\">\n\t\t\t\t\t\t<div class=\"elementor-element elementor-element-2d45b62b elementor-widget elementor-widget-stm_spacing\" data-id=\"2d45b62b\" data-element_type=\"widget\" data-widget_type=\"stm_spacing.default\">\n\t\t\t\t<div class=\"elementor-widget-container\">\n\t\t\t<div class=\"stm-spacing\" id=\"stm-spacing-69e164779d59e\"><\/div>\n<script>\n    (function($){\n        \"use strict\";\n        var spacingID = 'stm-spacing-69e164779d59e',\n            lgSpacing = '80',\n            mdSpacing = '80',\n            smSpacing = '60',\n            xsSpacing = '40';\n\n        function stmSpacing() {\n            if ( window.matchMedia(\"(min-width: 1200px)\").matches && lgSpacing ) {\n                $( '#' + spacingID ).css ( \"height\", lgSpacing );\n            } else if ( window.matchMedia(\"(max-width: 1199px) and (min-width: 992px )\").matches && mdSpacing ) {\n                $( '#' + spacingID ).css ( \"height\", mdSpacing );\n            } else if ( window.matchMedia(\"(max-width: 991px) and (min-width: 768px )\").matches && smSpacing ) {\n                $( '#' + spacingID ).css ( \"height\", smSpacing );\n            } else if ( window.matchMedia(\"(max-width: 767px)\").matches && xsSpacing ) {\n                $( '#' + spacingID ).css ( \"height\", xsSpacing );\n            } else {\n                $( '#' + spacingID ).css ( \"height\", \"\" );\n            }\n        }\n\n        $(document).ready(function() {\n            stmSpacing();\n        });\n\n        $(window).resize(function() {\n            stmSpacing();\n        });\n\n    })(jQuery);\n<\/script>\t\t<\/div>\n\t\t\t\t<\/div>\n\t\t\t\t<div class=\"elementor-element elementor-element-64cbcbdf elementor-widget elementor-widget-vc_custom_heading\" data-id=\"64cbcbdf\" data-element_type=\"widget\" data-widget_type=\"vc_custom_heading.default\">\n\t\t\t\t<div class=\"elementor-widget-container\">\n\t\t\t<div class=\" vc_custom_heading  consulting_heading_font  text_align_center title_no_stripe\" ><h2 style=\"text-align: center;font-weight:700\" class=\"consulting-custom-title\">\u00c9tudes De Cas\/T\u00e9moignages De Clients\n<\/h2><\/div>\t\t<\/div>\n\t\t\t\t<\/div>\n\t\t\t\t<div class=\"elementor-element elementor-element-35da2b33 elementor-align-center elementor-widget elementor-widget-button\" data-id=\"35da2b33\" data-element_type=\"widget\" data-widget_type=\"button.default\">\n\t\t\t\t<div class=\"elementor-widget-container\">\n\t\t\t\t\t<div class=\"elementor-button-wrapper icon_align_  \">\n\t\t\t<a class=\"elementor-button elementor-size-md\" role=\"button\">\n\t\t\t\t\t\t<span class=\"elementor-button-content-wrapper\">\n\t\t\t\t\t\t\t\t\t<span class=\"elementor-button-text\">Blogs<\/span>\n\t\t\t\t\t<\/span>\n\t\t\t\t\t<\/a>\n\t\t<\/div>\n\t\t\t\t<\/div>\n\t\t\t\t<\/div>\n\t\t\t\t<div class=\"elementor-element elementor-element-4fa34f9c elementor-widget elementor-widget-stm_spacing\" data-id=\"4fa34f9c\" data-element_type=\"widget\" data-widget_type=\"stm_spacing.default\">\n\t\t\t\t<div class=\"elementor-widget-container\">\n\t\t\t<div class=\"stm-spacing\" id=\"stm-spacing-69e164779e619\"><\/div>\n<script>\n    (function($){\n        \"use strict\";\n        var spacingID = 'stm-spacing-69e164779e619',\n            lgSpacing = '50',\n            mdSpacing = '50',\n            smSpacing = '40',\n            xsSpacing = '30';\n\n        function stmSpacing() {\n            if ( window.matchMedia(\"(min-width: 1200px)\").matches && lgSpacing ) {\n                $( '#' + spacingID ).css ( \"height\", lgSpacing );\n            } else if ( window.matchMedia(\"(max-width: 1199px) and (min-width: 992px )\").matches && mdSpacing ) {\n                $( '#' + spacingID ).css ( \"height\", mdSpacing );\n            } else if ( window.matchMedia(\"(max-width: 991px) and (min-width: 768px )\").matches && smSpacing ) {\n                $( '#' + spacingID ).css ( \"height\", smSpacing );\n            } else if ( window.matchMedia(\"(max-width: 767px)\").matches && xsSpacing ) {\n                $( '#' + spacingID ).css ( \"height\", xsSpacing );\n            } else {\n                $( '#' + spacingID ).css ( \"height\", \"\" );\n            }\n        }\n\n        $(document).ready(function() {\n            stmSpacing();\n        });\n\n        $(window).resize(function() {\n            stmSpacing();\n        });\n\n    })(jQuery);\n<\/script>\t\t<\/div>\n\t\t\t\t<\/div>\n\t\t\t\t<div class=\"elementor-element elementor-element-6e0eb09b elementor-widget elementor-widget-stm_news\" data-id=\"6e0eb09b\" data-element_type=\"widget\" data-widget_type=\"stm_news.default\">\n\t\t\t\t<div class=\"elementor-widget-container\">\n\t\t\t\t\t\t\t<div class=\"consulting_posts_box consulting_elementor_posts\n\t\t\t\tgrid\t\t\t\t\">\n\t\t\t\t\t<ul class=\"consulting_posts posts_per_row_2\">\n\t\t\t\t\t\t<li class=\"post_item\">\n\t<div class=\"post_inner\">\n\t\t\t\t\t<div class=\"image\">\n\t\t\t\t<a href=\"http:\/\/socoger.com\/fr\/2021\/10\/31\/%e6%a1%88%e4%be%8b%e5%88%86%e6%9e%90%ef%bc%9aolight\/\">\n\t\t\t\t\t<img fetchpriority=\"high\" fetchpriority=\"high\" decoding=\"async\" width=\"333\" height=\"250\" src=\"http:\/\/socoger.com\/wp-content\/uploads\/2024\/06\/portfolio-2-1.jpg\" class=\"attachment-consulting-image-350x250-croped\" alt=\"\" title=\"\" \/>\t\t\t\t<\/a>\n\t\t\t<\/div>\n\t\t\t\t\t<div class=\"news_item_info content_left\">\n\t\t\t<h5 class=\"news_item_title line_under_title\">\n\t\t\t\t<a href=\"http:\/\/socoger.com\/fr\/2021\/10\/31\/%e6%a1%88%e4%be%8b%e5%88%86%e6%9e%90%ef%bc%9aolight\/\">Olight<\/a>\n\t\t\t<\/h5>\n\t\t\t\t\t\t\t<div class=\"news_info\">\n\t\t\t\t\t<p>Olight, pionnier dans l&#8217;industrie de l&#8217;\u00e9clairage mobile, propose une gamme de produits diversifi\u00e9e incluant des torches pour activit\u00e9s en plein air, des lumi\u00e8res d&#8217;ambiance, des \u00e9clairages pour v\u00e9los et une vari\u00e9t\u00e9 d&#8217;accessoires. Engag\u00e9e \u00e0 offrir des outils d&#8217;\u00e9clairage mobiles fiables, Olight aspire \u00e0 enrichir les exp\u00e9riences des passionn\u00e9s d&#8217;aventures ext\u00e9rieures et des explorateurs de l&#8217;\u00e8re moderne avec des solutions lumineuses d&#8217;exception.<\/p>\n\t\t\t\t<\/div>\n\t\t\t\t\t\t\t<div class=\"news_info_bottom\">\n\t\t\t\t\t\t\t\t\t<a href=\"http:\/\/socoger.com\/fr\/2021\/10\/31\/%e6%a1%88%e4%be%8b%e5%88%86%e6%9e%90%ef%bc%9aolight\/\" class=\"news_item_button\">\n\t\t\t\t\t\ten savoir plus<svg aria-hidden=\"true\" class=\"button_icon after_icon e-font-icon-svg e-fas-arrow-right\" viewBox=\"0 0 448 512\" xmlns=\"http:\/\/www.w3.org\/2000\/svg\"><path d=\"M190.5 66.9l22.2-22.2c9.4-9.4 24.6-9.4 33.9 0L441 239c9.4 9.4 9.4 24.6 0 33.9L246.6 467.3c-9.4 9.4-24.6 9.4-33.9 0l-22.2-22.2c-9.5-9.5-9.3-25 .4-34.3L311.4 296H24c-13.3 0-24-10.7-24-24v-32c0-13.3 10.7-24 24-24h287.4L190.9 101.2c-9.8-9.3-10-24.8-.4-34.3z\"><\/path><\/svg>\t\t\t\t\t<\/a>\n\t\t\t\t\t\t\t\t<\/div>\n\t\t<\/div>\n\t<\/div>\n<\/li>\n<li class=\"post_item\">\n\t<div class=\"post_inner\">\n\t\t\t\t\t<div class=\"image\">\n\t\t\t\t<a href=\"http:\/\/socoger.com\/fr\/2021\/05\/10\/%e6%a1%88%e4%be%8b%e5%88%86%e6%9e%90-appier\/\">\n\t\t\t\t\t<img decoding=\"async\" width=\"333\" height=\"250\" src=\"http:\/\/socoger.com\/wp-content\/uploads\/2024\/06\/portfolio-1-1.jpg\" class=\"attachment-consulting-image-350x250-croped\" alt=\"\" title=\"\" \/>\t\t\t\t<\/a>\n\t\t\t<\/div>\n\t\t\t\t\t<div class=\"news_item_info content_left\">\n\t\t\t<h5 class=\"news_item_title line_under_title\">\n\t\t\t\t<a href=\"http:\/\/socoger.com\/fr\/2021\/05\/10\/%e6%a1%88%e4%be%8b%e5%88%86%e6%9e%90-appier\/\">APPIER<\/a>\n\t\t\t<\/h5>\n\t\t\t\t\t\t\t<div class=\"news_info\">\n\t\t\t\t\t<p>Appier est une entreprise de logiciel en tant que service (SaaS) qui utilise l&#8217;intelligence artificielle (IA) pour dynamiser la prise de d\u00e9cision commerciale. Les produits d&#8217;Appier sont con\u00e7us pour aider les entreprises \u00e0 \u00e9laborer une vue holistique de leurs clients, \u00e0 comprendre leurs pr\u00e9f\u00e9rences, \u00e0 anticiper leurs actions et finalement \u00e0 prendre des d\u00e9cisions qui m\u00e8nent \u00e0 de meilleurs r\u00e9sultats commerciaux.<\/p>\n\t\t\t\t<\/div>\n\t\t\t\t\t\t\t<div class=\"news_info_bottom\">\n\t\t\t\t\t\t\t\t\t<a href=\"http:\/\/socoger.com\/fr\/2021\/05\/10\/%e6%a1%88%e4%be%8b%e5%88%86%e6%9e%90-appier\/\" class=\"news_item_button\">\n\t\t\t\t\t\ten savoir plus<svg aria-hidden=\"true\" class=\"button_icon after_icon e-font-icon-svg e-fas-arrow-right\" viewBox=\"0 0 448 512\" xmlns=\"http:\/\/www.w3.org\/2000\/svg\"><path d=\"M190.5 66.9l22.2-22.2c9.4-9.4 24.6-9.4 33.9 0L441 239c9.4 9.4 9.4 24.6 0 33.9L246.6 467.3c-9.4 9.4-24.6 9.4-33.9 0l-22.2-22.2c-9.5-9.5-9.3-25 .4-34.3L311.4 296H24c-13.3 0-24-10.7-24-24v-32c0-13.3 10.7-24 24-24h287.4L190.9 101.2c-9.8-9.3-10-24.8-.4-34.3z\"><\/path><\/svg>\t\t\t\t\t<\/a>\n\t\t\t\t\t\t\t\t<\/div>\n\t\t<\/div>\n\t<\/div>\n<\/li>\n\t\t\t\t\t<\/ul>\n\t\t\t\t<\/div>\n\t\t\t\t\t\t<\/div>\n\t\t\t\t<\/div>\n\t\t\t\t<div class=\"elementor-element elementor-element-abb1e83 elementor-widget elementor-widget-stm_spacing\" data-id=\"abb1e83\" data-element_type=\"widget\" data-widget_type=\"stm_spacing.default\">\n\t\t\t\t<div class=\"elementor-widget-container\">\n\t\t\t<div class=\"stm-spacing\" id=\"stm-spacing-69e16477a92a7\"><\/div>\n<script>\n    (function($){\n        \"use strict\";\n        var spacingID = 'stm-spacing-69e16477a92a7',\n            lgSpacing = '46',\n            mdSpacing = '46',\n            smSpacing = '15',\n            xsSpacing = '0';\n\n        function stmSpacing() {\n            if ( window.matchMedia(\"(min-width: 1200px)\").matches && lgSpacing ) {\n                $( '#' + spacingID ).css ( \"height\", lgSpacing );\n            } else if ( window.matchMedia(\"(max-width: 1199px) and (min-width: 992px )\").matches && mdSpacing ) {\n                $( '#' + spacingID ).css ( \"height\", mdSpacing );\n            } else if ( window.matchMedia(\"(max-width: 991px) and (min-width: 768px )\").matches && smSpacing ) {\n                $( '#' + spacingID ).css ( \"height\", smSpacing );\n            } else if ( window.matchMedia(\"(max-width: 767px)\").matches && xsSpacing ) {\n                $( '#' + spacingID ).css ( \"height\", xsSpacing );\n            } else {\n                $( '#' + spacingID ).css ( \"height\", \"\" );\n            }\n        }\n\n        $(document).ready(function() {\n            stmSpacing();\n        });\n\n        $(window).resize(function() {\n            stmSpacing();\n        });\n\n    })(jQuery);\n<\/script>\t\t<\/div>\n\t\t\t\t<\/div>\n\t\t\t\t\t<\/div>\n\t\t<\/div>\n\t\t\t\t\t<\/div>\n\t\t<\/section>\n\t\t\t\t<\/div>\n\t\t","protected":false},"excerpt":{"rendered":"<p>\u00c9tudes De Cas\/T\u00e9moignages De Clients Blogs Olight Olight, pionnier dans l&#8217;industrie de l&#8217;\u00e9clairage mobile, propose une gamme de produits diversifi\u00e9e incluant des torches pour activit\u00e9s en plein air, des lumi\u00e8res d&#8217;ambiance, des \u00e9clairages pour v\u00e9los et une vari\u00e9t\u00e9 d&#8217;accessoires. Engag\u00e9e \u00e0 offrir des outils d&#8217;\u00e9clairage mobiles fiables, Olight aspire \u00e0 enrichir les exp\u00e9riences des passionn\u00e9s<\/p>\n","protected":false},"author":1,"featured_media":0,"parent":0,"menu_order":0,"comment_status":"closed","ping_status":"closed","template":"","meta":{"_et_pb_use_builder":"","_et_pb_old_content":"","_et_gb_content_width":"","footnotes":""},"class_list":["post-8034","page","type-page","status-publish","hentry"],"yoast_head":"<!-- This site is optimized with the Yoast SEO plugin v23.0 - https:\/\/yoast.com\/wordpress\/plugins\/seo\/ -->\n<title>\u00c9tudes De Cas - socoger<\/title>\n<meta name=\"robots\" content=\"index, follow, max-snippet:-1, max-image-preview:large, max-video-preview:-1\" \/>\n<link rel=\"canonical\" href=\"http:\/\/socoger.com\/fr\/etudes-de-cas\/\" \/>\n<meta property=\"og:locale\" content=\"fr_FR\" \/>\n<meta property=\"og:type\" content=\"article\" \/>\n<meta property=\"og:title\" content=\"\u00c9tudes De Cas - socoger\" \/>\n<meta property=\"og:description\" content=\"\u00c9tudes De Cas\/T\u00e9moignages De Clients Blogs Olight Olight, pionnier dans l&#8217;industrie de l&#8217;\u00e9clairage mobile, propose une gamme de produits diversifi\u00e9e incluant des torches pour activit\u00e9s en plein air, des lumi\u00e8res d&#8217;ambiance, des \u00e9clairages pour v\u00e9los et une vari\u00e9t\u00e9 d&#8217;accessoires. Engag\u00e9e \u00e0 offrir des outils d&#8217;\u00e9clairage mobiles fiables, Olight aspire \u00e0 enrichir les exp\u00e9riences des passionn\u00e9s\" \/>\n<meta property=\"og:url\" content=\"http:\/\/socoger.com\/fr\/etudes-de-cas\/\" \/>\n<meta property=\"og:site_name\" content=\"socoger\" \/>\n<meta property=\"article:modified_time\" content=\"2024-08-08T14:02:34+00:00\" \/>\n<meta property=\"og:image\" content=\"https:\/\/www.socoger.com\/wp-content\/uploads\/2024\/06\/portfolio-2-1.jpg\" \/>\n<meta name=\"twitter:card\" content=\"summary_large_image\" \/>\n<meta name=\"twitter:label1\" content=\"Dur\u00e9e de lecture estim\u00e9e\" \/>\n\t<meta name=\"twitter:data1\" content=\"2 minutes\" \/>\n<script type=\"application\/ld+json\" class=\"yoast-schema-graph\">{\"@context\":\"https:\/\/schema.org\",\"@graph\":[{\"@type\":\"WebPage\",\"@id\":\"http:\/\/socoger.com\/fr\/etudes-de-cas\/\",\"url\":\"http:\/\/socoger.com\/fr\/etudes-de-cas\/\",\"name\":\"\u00c9tudes De Cas - socoger\",\"isPartOf\":{\"@id\":\"http:\/\/socoger.com\/fr\/#website\"},\"primaryImageOfPage\":{\"@id\":\"http:\/\/socoger.com\/fr\/etudes-de-cas\/#primaryimage\"},\"image\":{\"@id\":\"http:\/\/socoger.com\/fr\/etudes-de-cas\/#primaryimage\"},\"thumbnailUrl\":\"https:\/\/www.socoger.com\/wp-content\/uploads\/2024\/06\/portfolio-2-1.jpg\",\"datePublished\":\"2024-07-08T15:42:18+00:00\",\"dateModified\":\"2024-08-08T14:02:34+00:00\",\"breadcrumb\":{\"@id\":\"http:\/\/socoger.com\/fr\/etudes-de-cas\/#breadcrumb\"},\"inLanguage\":\"fr-FR\",\"potentialAction\":[{\"@type\":\"ReadAction\",\"target\":[\"http:\/\/socoger.com\/fr\/etudes-de-cas\/\"]}]},{\"@type\":\"ImageObject\",\"inLanguage\":\"fr-FR\",\"@id\":\"http:\/\/socoger.com\/fr\/etudes-de-cas\/#primaryimage\",\"url\":\"https:\/\/www.socoger.com\/wp-content\/uploads\/2024\/06\/portfolio-2-1.jpg\",\"contentUrl\":\"https:\/\/www.socoger.com\/wp-content\/uploads\/2024\/06\/portfolio-2-1.jpg\"},{\"@type\":\"BreadcrumbList\",\"@id\":\"http:\/\/socoger.com\/fr\/etudes-de-cas\/#breadcrumb\",\"itemListElement\":[{\"@type\":\"ListItem\",\"position\":1,\"name\":\"\u9996\u9875\",\"item\":\"https:\/\/socoger.com\/fr\/\"},{\"@type\":\"ListItem\",\"position\":2,\"name\":\"\u00c9tudes De Cas\"}]},{\"@type\":\"WebSite\",\"@id\":\"http:\/\/socoger.com\/fr\/#website\",\"url\":\"http:\/\/socoger.com\/fr\/\",\"name\":\"socoger\",\"description\":\"\",\"publisher\":{\"@id\":\"http:\/\/socoger.com\/fr\/#organization\"},\"potentialAction\":[{\"@type\":\"SearchAction\",\"target\":{\"@type\":\"EntryPoint\",\"urlTemplate\":\"http:\/\/socoger.com\/fr\/?s={search_term_string}\"},\"query-input\":\"required name=search_term_string\"}],\"inLanguage\":\"fr-FR\"},{\"@type\":\"Organization\",\"@id\":\"http:\/\/socoger.com\/fr\/#organization\",\"name\":\"socoger\",\"url\":\"http:\/\/socoger.com\/fr\/\",\"logo\":{\"@type\":\"ImageObject\",\"inLanguage\":\"fr-FR\",\"@id\":\"http:\/\/socoger.com\/fr\/#\/schema\/logo\/image\/\",\"url\":\"http:\/\/socoger.com\/wp-content\/uploads\/2024\/06\/121801719581149_.pic_-e1719922694320.png\",\"contentUrl\":\"http:\/\/socoger.com\/wp-content\/uploads\/2024\/06\/121801719581149_.pic_-e1719922694320.png\",\"width\":350,\"height\":100,\"caption\":\"socoger\"},\"image\":{\"@id\":\"http:\/\/socoger.com\/fr\/#\/schema\/logo\/image\/\"}}]}<\/script>\n<!-- \/ Yoast SEO plugin. -->","yoast_head_json":{"title":"\u00c9tudes De Cas - socoger","robots":{"index":"index","follow":"follow","max-snippet":"max-snippet:-1","max-image-preview":"max-image-preview:large","max-video-preview":"max-video-preview:-1"},"canonical":"http:\/\/socoger.com\/fr\/etudes-de-cas\/","og_locale":"fr_FR","og_type":"article","og_title":"\u00c9tudes De Cas - socoger","og_description":"\u00c9tudes De Cas\/T\u00e9moignages De Clients Blogs Olight Olight, pionnier dans l&#8217;industrie de l&#8217;\u00e9clairage mobile, propose une gamme de produits diversifi\u00e9e incluant des torches pour activit\u00e9s en plein air, des lumi\u00e8res d&#8217;ambiance, des \u00e9clairages pour v\u00e9los et une vari\u00e9t\u00e9 d&#8217;accessoires. Engag\u00e9e \u00e0 offrir des outils d&#8217;\u00e9clairage mobiles fiables, Olight aspire \u00e0 enrichir les exp\u00e9riences des passionn\u00e9s","og_url":"http:\/\/socoger.com\/fr\/etudes-de-cas\/","og_site_name":"socoger","article_modified_time":"2024-08-08T14:02:34+00:00","og_image":[{"url":"https:\/\/www.socoger.com\/wp-content\/uploads\/2024\/06\/portfolio-2-1.jpg"}],"twitter_card":"summary_large_image","twitter_misc":{"Dur\u00e9e de lecture estim\u00e9e":"2 minutes"},"schema":{"@context":"https:\/\/schema.org","@graph":[{"@type":"WebPage","@id":"http:\/\/socoger.com\/fr\/etudes-de-cas\/","url":"http:\/\/socoger.com\/fr\/etudes-de-cas\/","name":"\u00c9tudes De Cas - socoger","isPartOf":{"@id":"http:\/\/socoger.com\/fr\/#website"},"primaryImageOfPage":{"@id":"http:\/\/socoger.com\/fr\/etudes-de-cas\/#primaryimage"},"image":{"@id":"http:\/\/socoger.com\/fr\/etudes-de-cas\/#primaryimage"},"thumbnailUrl":"https:\/\/www.socoger.com\/wp-content\/uploads\/2024\/06\/portfolio-2-1.jpg","datePublished":"2024-07-08T15:42:18+00:00","dateModified":"2024-08-08T14:02:34+00:00","breadcrumb":{"@id":"http:\/\/socoger.com\/fr\/etudes-de-cas\/#breadcrumb"},"inLanguage":"fr-FR","potentialAction":[{"@type":"ReadAction","target":["http:\/\/socoger.com\/fr\/etudes-de-cas\/"]}]},{"@type":"ImageObject","inLanguage":"fr-FR","@id":"http:\/\/socoger.com\/fr\/etudes-de-cas\/#primaryimage","url":"https:\/\/www.socoger.com\/wp-content\/uploads\/2024\/06\/portfolio-2-1.jpg","contentUrl":"https:\/\/www.socoger.com\/wp-content\/uploads\/2024\/06\/portfolio-2-1.jpg"},{"@type":"BreadcrumbList","@id":"http:\/\/socoger.com\/fr\/etudes-de-cas\/#breadcrumb","itemListElement":[{"@type":"ListItem","position":1,"name":"\u9996\u9875","item":"https:\/\/socoger.com\/fr\/"},{"@type":"ListItem","position":2,"name":"\u00c9tudes De Cas"}]},{"@type":"WebSite","@id":"http:\/\/socoger.com\/fr\/#website","url":"http:\/\/socoger.com\/fr\/","name":"socoger","description":"","publisher":{"@id":"http:\/\/socoger.com\/fr\/#organization"},"potentialAction":[{"@type":"SearchAction","target":{"@type":"EntryPoint","urlTemplate":"http:\/\/socoger.com\/fr\/?s={search_term_string}"},"query-input":"required name=search_term_string"}],"inLanguage":"fr-FR"},{"@type":"Organization","@id":"http:\/\/socoger.com\/fr\/#organization","name":"socoger","url":"http:\/\/socoger.com\/fr\/","logo":{"@type":"ImageObject","inLanguage":"fr-FR","@id":"http:\/\/socoger.com\/fr\/#\/schema\/logo\/image\/","url":"http:\/\/socoger.com\/wp-content\/uploads\/2024\/06\/121801719581149_.pic_-e1719922694320.png","contentUrl":"http:\/\/socoger.com\/wp-content\/uploads\/2024\/06\/121801719581149_.pic_-e1719922694320.png","width":350,"height":100,"caption":"socoger"},"image":{"@id":"http:\/\/socoger.com\/fr\/#\/schema\/logo\/image\/"}}]}},"_links":{"self":[{"href":"http:\/\/socoger.com\/fr\/wp-json\/wp\/v2\/pages\/8034","targetHints":{"allow":["GET"]}}],"collection":[{"href":"http:\/\/socoger.com\/fr\/wp-json\/wp\/v2\/pages"}],"about":[{"href":"http:\/\/socoger.com\/fr\/wp-json\/wp\/v2\/types\/page"}],"author":[{"embeddable":true,"href":"http:\/\/socoger.com\/fr\/wp-json\/wp\/v2\/users\/1"}],"replies":[{"embeddable":true,"href":"http:\/\/socoger.com\/fr\/wp-json\/wp\/v2\/comments?post=8034"}],"version-history":[{"count":8,"href":"http:\/\/socoger.com\/fr\/wp-json\/wp\/v2\/pages\/8034\/revisions"}],"predecessor-version":[{"id":8380,"href":"http:\/\/socoger.com\/fr\/wp-json\/wp\/v2\/pages\/8034\/revisions\/8380"}],"wp:attachment":[{"href":"http:\/\/socoger.com\/fr\/wp-json\/wp\/v2\/media?parent=8034"}],"curies":[{"name":"wp","href":"https:\/\/api.w.org\/{rel}","templated":true}]}}